{"id":9613,"date":"2025-02-03T23:12:40","date_gmt":"2025-02-03T22:12:40","guid":{"rendered":"https:\/\/shanakeers.fr\/?post_type=product&#038;p=9613"},"modified":"2026-04-02T10:51:33","modified_gmt":"2026-04-02T08:51:33","slug":"immoralite-version-reliee-illustree","status":"publish","type":"product","link":"https:\/\/shanakeers.fr\/index.php\/produit\/immoralite-version-reliee-illustree\/","title":{"rendered":"Immoralit\u00e9 (version reli\u00e9e illustr\u00e9e)"},"content":{"rendered":"<h4>RELATION DEMI-FR\u00c8RE\/DEMI-S\u0152UR<\/h4>\r\n<p>Une romance<strong>\u00a0<\/strong>explosive, interdite et addictive o\u00f9 morale et raison luttent contre l&rsquo;immoralit\u00e9.<\/p>\r\n<div style=\"width: 830px;\" class=\"wp-video\"><video class=\"wp-video-shortcode\" id=\"video-9613-1\" width=\"830\" height=\"465\" preload=\"metadata\" controls=\"controls\"><source type=\"video\/mp4\" src=\"https:\/\/shanakeers.fr\/wp-content\/uploads\/2022\/08\/IMMORALITE.mp4?_=1\" \/><a href=\"https:\/\/shanakeers.fr\/wp-content\/uploads\/2022\/08\/IMMORALITE.mp4\">https:\/\/shanakeers.fr\/wp-content\/uploads\/2022\/08\/IMMORALITE.mp4<\/a><\/video><\/div>\r\n<p>&nbsp;<\/p>\r\n<h4><strong>R\u00e9sum\u00e9 :<\/strong><\/h4>\r\n<p>Avez-vous d\u00e9j\u00e0 lutt\u00e9 contre des pens\u00e9es immorales qui vous rongent et vous entra\u00eenent au bord de la folie ?<\/p>\r\n<p><strong>Victoire Levigan<\/strong>, petite bourgeoise \u00e9go\u00efste et capricieuse, n\u2019imaginait pas un seul instant devoir faire face \u00e0 ce probl\u00e8me. Menant secr\u00e8tement une vie dissolue, elle esp\u00e9rait profiter largement de ses vacances estivales. Mais c\u2019\u00e9tait sans compter l\u2019arriv\u00e9e d\u2019un mail fracassant : non seulement elle y d\u00e9couvre qu\u2019elle a un demi-fr\u00e8re, mais \u00e9galement que celui-ci doit s\u00e9journer chez elle pendant plusieurs semaines.\u00a0<\/p>\r\n<p>C\u2019est la douche froide, car son statut de fille unique et son existence d\u00e9brid\u00e9e sont en p\u00e9ril. Entre elle et <strong>Maximilien<\/strong>, jeune rebelle romantique, la guerre est d\u00e9clar\u00e9e. D\u2019autant que, tr\u00e8s vite, une lutte acharn\u00e9e contre des pulsions sexuelles r\u00e9ciproques et inconcevables s\u2019engage.<\/p>\r\n<p style=\"text-align: center;\">Vibrez au rythme de leurs attaques et de leur d\u00e9sir.<br \/>Marchez avec eux sur le fil fragile de leur conscience ind\u00e9cente. <br \/>Entre r\u00eave et cauchemar, confiance et trahison, haine et passion, jusqu\u2019o\u00f9 les m\u00e8nera leur attirance mutuelle ? <br \/>Feront-ils abstraction de la raison et de la morale pour assouvir leur soif de l\u2019autre ? <br \/>Leur existence va-t-elle basculer l\u2019espace d\u2019un \u00e9t\u00e9 ? \u00a0<\/p>\r\n<p>Immoralit\u00e9 est propos\u00e9 ici <strong>en version reli\u00e9e illustr\u00e9e<\/strong> (couverture rigide + images int\u00e9rieures).<br \/>Vous pouvez aussi vous procurer cette histoire <a href=\"https:\/\/shanakeers.fr\/index.php\/produit\/immoralite-lintegrale-broche-dedicace\/\" target=\"_blank\" rel=\"noopener\">en version broch\u00e9e<\/a> sur ce site.<br \/>Elle est \u00e9galement disponible <strong>en num\u00e9rique<\/strong> sur de nombreuses plateformes (comme <a href=\"https:\/\/www.amazon.fr\/IMMORALITE-Lint%C3%A9grale-Nouvelle-Shana-Keers-ebook\/dp\/B075822379\" target=\"_blank\" rel=\"noopener\">Amazon<\/a>, <a href=\"https:\/\/www.kobo.com\/fr\/fr\/ebook\/immoralite\" target=\"_blank\" rel=\"noopener\">Kobo<\/a>, <a href=\"https:\/\/shop.vivlio.com\/product\/9791095699231_9791095699231_10020\/immoralite?listName=&amp;listId=\" target=\"_blank\" rel=\"noopener\">Vivlio<\/a> et <a href=\"https:\/\/play.google.com\/store\/books\/details\/Shana_Keers_Immoralit%C3%A9?id=pQ8EEQAAQBAJ&amp;hl=fr\" target=\"_blank\" rel=\"noopener\">Google Play<\/a>), et <strong>en audiobook<\/strong> <a href=\"https:\/\/www.amazon.fr\/Immoralit%C3%A9\/dp\/B08W2K5DV5\" target=\"_blank\" rel=\"noopener\">sur Amazon<\/a> et <a href=\"https:\/\/www.audible.fr\/ac\/Immoralite-Livre-Audio\/B08W29SS5G\" target=\"_blank\" rel=\"noopener\">sur Audible<\/a>. <br \/>\u00a0\u00a0<\/p>\r\n<h4>Ce qu&rsquo;en disent les lecteurs :<\/h4>\r\n<h3><span style=\"color: #fcb900;\">\u2605\u2605\u2605\u2605\u2605<\/span><\/h3>\r\n\r\n<p>J&rsquo;ai \u00e9t\u00e9 happ\u00e9e par l&rsquo;histoire, les personnages&#8230; La raison, la morale&#8230; Tout s&rsquo;est m\u00e9lang\u00e9 dans ma t\u00eate, dans mon c\u0153ur. J&rsquo;ai d\u00e9vor\u00e9, savour\u00e9, appr\u00e9hend\u00e9, fulmin\u00e9, aim\u00e9, d\u00e9sir\u00e9&#8230; Une explosion de sentiments qui m&rsquo;a litt\u00e9ralement mise \u00e0 terre.<\/p>\r\n\r\n\r\n\r\n<p class=\"has-small-font-size\"><strong>\u2014 Charlotte<\/strong><\/p>\r\n\r\n\r\n\r\n<p>Mais qu\u2019est-ce que c\u2019est que ce bouquin ? Je crois que, de loin, je viens de trouver MON coup de c\u0153ur !! Ce m\u00e9lange d\u2019interdit qui nous pousse \u00e0 nous dire : \u00ab\u00a0c\u2019est totalement malsain\u00a0\u00bb et ce petit go\u00fbt de je ne sais trop quoi qui nous dit : \u00ab\u00a0non, mais est-ce qu\u2019ils vont vraiment finir par le faire ? Que va-t-il se passer ? \u00ab\u00a0\u2026 Merci de m\u2019avoir fait ressentir ce m\u00e9lange d\u2019\u00e9motions entre \u00ab\u00a0outrage et blessures de ressentir cet amour interdit\u00a0\u00bb si intens\u00e9ment.<\/p>\r\n\r\n\r\n\r\n<p class=\"has-small-font-size\"><strong>\u2014 Client Amazon<\/strong><\/p>\r\n<p>Grandiose, ph\u00e9nom\u00e9nal, fabuleux, additif \u00e0 souhait. Une tension insoutenable qui nous tient en haleine. Une histoire pleine de sentiments, de provocation, d&rsquo;amour et de col\u00e8re. J\u2019avais la frousse d\u2019aborder encore une fois le sujet de l\u2019inceste, mais, pfiou, ce roman est ouf. Des sc\u00e8nes d\u00e9crites de mani\u00e8re \u00e9l\u00e9gante et enivrante, des personnages aphrodisiaques qui sont attachants et plein de surprises, des passages remplis de romantisme et de sensibilit\u00e9. Un chef-d&rsquo;\u0153uvre du genre.<\/p>","protected":false},"excerpt":{"rendered":"<p>Prix TTC, hors frais de livraison calcul\u00e9s \u00e0 la validation de la commande.<\/p>\n<p>ISBN : 979-10-95699-30-9 520 pages<\/p>\n<p><strong>Carte en papier glac\u00e9 offerte.<\/strong><\/p>\n<p><span style=\"color: #ed127c;\"><strong>Pensez \u00e0 donner le pr\u00e9nom de la d\u00e9dicace et le nom de votre relais Mondial Relay : cochez la case \u00ab\u00a0ajouter une note \u00e0 votre commande\u00a0\u00bb dans votre panier &#8211; apr\u00e8s validation et avant paiement, et indiquez les informations dans le cadre pr\u00e9vu \u00e0 cet effet.<br \/>Si vous ne souhaitez pas de d\u00e9dicace, indiquez \u00ab\u00a0sans\u00a0\u00bb dans le m\u00eame emplacement.<\/strong><\/span><\/p>\n","protected":false},"featured_media":9881,"template":"","meta":{"jetpack_post_was_ever_published":false},"product_brand":[],"product_cat":[29,47],"product_tag":[44],"class_list":{"0":"post-9613","1":"product","2":"type-product","3":"status-publish","4":"has-post-thumbnail","6":"product_cat-formats-relies-edition-luxe","7":"product_cat-stepbrother","8":"product_tag-stepbrother","9":"latest_post","11":"first","12":"onbackorder","13":"purchasable","14":"product-type-simple"},"aioseo_notices":[],"jetpack_likes_enabled":true,"jetpack_sharing_enabled":true,"_links":{"self":[{"href":"https:\/\/shanakeers.fr\/index.php\/wp-json\/wp\/v2\/product\/9613","targetHints":{"allow":["GET"]}}],"collection":[{"href":"https:\/\/shanakeers.fr\/index.php\/wp-json\/wp\/v2\/product"}],"about":[{"href":"https:\/\/shanakeers.fr\/index.php\/wp-json\/wp\/v2\/types\/product"}],"wp:featuredmedia":[{"embeddable":true,"href":"https:\/\/shanakeers.fr\/index.php\/wp-json\/wp\/v2\/media\/9881"}],"wp:attachment":[{"href":"https:\/\/shanakeers.fr\/index.php\/wp-json\/wp\/v2\/media?parent=9613"}],"wp:term":[{"taxonomy":"product_brand","embeddable":true,"href":"https:\/\/shanakeers.fr\/index.php\/wp-json\/wp\/v2\/product_brand?post=9613"},{"taxonomy":"product_cat","embeddable":true,"href":"https:\/\/shanakeers.fr\/index.php\/wp-json\/wp\/v2\/product_cat?post=9613"},{"taxonomy":"product_tag","embeddable":true,"href":"https:\/\/shanakeers.fr\/index.php\/wp-json\/wp\/v2\/product_tag?post=9613"}],"curies":[{"name":"wp","href":"https:\/\/api.w.org\/{rel}","templated":true}]}}