{"id":9610,"date":"2025-02-03T22:03:51","date_gmt":"2025-02-03T21:03:51","guid":{"rendered":"https:\/\/shanakeers.fr\/?post_type=product&#038;p=9610"},"modified":"2026-04-02T10:51:38","modified_gmt":"2026-04-02T08:51:38","slug":"mon-adn-mon-avenir-version-reliee-illustree","status":"publish","type":"product","link":"https:\/\/shanakeers.fr\/index.php\/produit\/mon-adn-mon-avenir-version-reliee-illustree\/","title":{"rendered":"Mon ADN &#8211; tome 2 &#8211; mon avenir (version reli\u00e9e illustr\u00e9e) avec jaspage maison"},"content":{"rendered":"<h4><strong>ENEMIES TO LOVERS\/DIFF\u00c9RENCE D&rsquo;\u00c2GE<\/strong><\/h4>\n<p>Alric est le meilleur ami du p\u00e8re de Lynaelle. Il est orageux ; elle le d\u00e9teste et elle est la temp\u00eate qui va tout d\u00e9vaster.<\/p>\n<p>Une romance intense sur fond d&rsquo;amour interdit et de diff\u00e9rence d&rsquo;\u00e2ge. Un h\u00e9ros tortur\u00e9 au pass\u00e9 trouble. Une h\u00e9ro\u00efne d\u00e9termin\u00e9e et joueuse.<\/p>\n<div style=\"width: 830px;\" class=\"wp-video\"><video class=\"wp-video-shortcode\" id=\"video-9610-1\" width=\"830\" height=\"467\" preload=\"metadata\" controls=\"controls\"><source type=\"video\/mp4\" src=\"https:\/\/shanakeers.fr\/wp-content\/uploads\/2025\/01\/mon-adn-termine-1-1-1.mp4?_=1\" \/><a href=\"https:\/\/shanakeers.fr\/wp-content\/uploads\/2025\/01\/mon-adn-termine-1-1-1.mp4\">https:\/\/shanakeers.fr\/wp-content\/uploads\/2025\/01\/mon-adn-termine-1-1-1.mp4<\/a><\/video><\/div>\n<h4><\/h4>\n<h4><span class=\"a-text-bold\">TRIGGER WARNINGS <\/span>:<\/h4>\n<p><strong><a href=\"https:\/\/shanakeers.fr\/index.php\/duologie-mon-adn\/\" target=\"_blank\" rel=\"noopener\">La duologie \u00ab\u00a0Mon ADN\u00a0\u00bb<\/a> aborde des sujets sensibles, comme des traumatismes physiques dans l&rsquo;enfance, des abus, et des addictions (notamment dans le second tome ). Cependant, ce n&rsquo;est pas une dark romance.<\/strong><\/p>\n<p>&nbsp;<\/p>\n<h4><strong>R\u00e9sum\u00e9 de \u00ab\u00a0Mon ADN &#8211; mon avenir \u00a0\u00bb :<\/strong><\/h4>\n<p>Alric a l\u00e2ch\u00e9 une bombe et a laiss\u00e9 toute la famille Marvel dans l&rsquo;effroi : une agression. De qui ? Par qui et pourquoi ?<br \/>\nLes doutes s&rsquo;installent, les mensonges s&rsquo;accumulent.<br \/>\nQui trompe qui et qui est v\u00e9ritablement sinc\u00e8re ?<br \/>\nFaut-il privil\u00e9gier l&rsquo;amiti\u00e9 ou l&rsquo;amour ?<br \/>\nApr\u00e8s quinze ann\u00e9es de silence, il est temps de le savoir&#8230;<\/p>\n<p>&nbsp;<\/p>\n<p><strong>\u00ab\u00a0Mon ADN &#8211; tome 2 &#8211; mon avenir\u00a0\u00bb<\/strong> est le second tome d&rsquo;une duologie.<\/p>\n<p>Ce tome 2 est \u00e9galement disponible :<\/p>\n<ul>\n<li><a href=\"https:\/\/shanakeers.fr\/index.php\/produit\/mon-adn-tome-2-mon-avenir-broche-dedicace\/\" target=\"_blank\" rel=\"noopener\">en version broch\u00e9e<\/a> sur ce site (couverture souple, sans illustrations).<\/li>\n<li>en num\u00e9rique <a href=\"https:\/\/www.amazon.fr\/Mon-ADN-2-avenir-ebook\/dp\/B0CW1JHHQH\" target=\"_blank\" rel=\"noopener\">sur Amazon<\/a> et gratuit avec l&rsquo;abonnement Kindle.<\/li>\n<\/ul>\n<p>&nbsp;<\/p>\n<h4>Ce qu&rsquo;en disent les lecteurs :<\/h4>\n<h3><span style=\"color: #fcb900;\">\u2605\u2605\u2605\u2605\u2605<\/span><\/h3>\n<p>Notre ours polaire va vous donner du fil \u00e0 retordre, mais il va vous rendre tellement dingue que vous en redemanderez.<br \/>\nUn sex appeal \u00e0 faire d\u00e9sint\u00e9grer vos petites culottes, une dose d\u2019interdit comme aime nous distiller l\u2019auteure, une Lynaelle blufante de charisme. Vous pouvez secouer, c&rsquo;est le combo gagnant pour un coup de c\u0153ur assur\u00e9, surtout si vous y ajoutez des rebondissements \u00e0 faire chavirer notre c\u0153ur.<\/p>\n<p>Un tome plein de rebondissements, riche en \u00e9motions, une histoire d\u2019amour passionnelle et passionnante.<\/p>\n<p>Une suite \u00e0 la hauteur.<\/p>\n<p>Malgr\u00e9 les th\u00e9matiques sombres et dures abord\u00e9es avec brio, j&rsquo;ai ador\u00e9 cette histoire qui m&rsquo;a fait rire, mais aussi pleurer.<\/p>\n","protected":false},"excerpt":{"rendered":"<p>Duologie Mon ADN -Tome 2\/2<\/p>\n<p>Prix TTC, hors frais de livraison calcul\u00e9s \u00e0 la validation de la commande.<\/p>\n<p>ISBN : 979-10-95699-22-4<\/p>\n<p>512 pages<\/p>\n<p><strong>Carte en papier glac\u00e9 offerte.<\/strong><\/p>\n<p><span style=\"color: #ed127c;\"><strong>Pensez \u00e0 donner le pr\u00e9nom de la d\u00e9dicace et le nom de votre relais Mondial Relay : cochez la case \u00ab\u00a0ajouter une note \u00e0 votre commande\u00a0\u00bb dans votre panier &#8211; apr\u00e8s validation et avant paiement, et indiquez les informations dans le cadre pr\u00e9vu \u00e0 cet effet.<br \/>\nSi vous ne souhaitez pas de d\u00e9dicace, indiquez \u00ab\u00a0sans\u00a0\u00bb dans le m\u00eame emplacement.<br \/>\n<\/strong><\/span><\/p>\n","protected":false},"featured_media":9611,"template":"","meta":{"jetpack_post_was_ever_published":false},"product_brand":[],"product_cat":[48,29],"product_tag":[43,42],"class_list":{"0":"post-9610","1":"product","2":"type-product","3":"status-publish","4":"has-post-thumbnail","6":"product_cat-enemies-to-lovers","7":"product_cat-formats-relies-edition-luxe","8":"product_tag-age-gap","9":"product_tag-enemies-to-lovers","10":"latest_post","12":"first","13":"instock","14":"purchasable","15":"product-type-simple"},"aioseo_notices":[],"jetpack_likes_enabled":true,"jetpack_sharing_enabled":true,"_links":{"self":[{"href":"https:\/\/shanakeers.fr\/index.php\/wp-json\/wp\/v2\/product\/9610","targetHints":{"allow":["GET"]}}],"collection":[{"href":"https:\/\/shanakeers.fr\/index.php\/wp-json\/wp\/v2\/product"}],"about":[{"href":"https:\/\/shanakeers.fr\/index.php\/wp-json\/wp\/v2\/types\/product"}],"wp:featuredmedia":[{"embeddable":true,"href":"https:\/\/shanakeers.fr\/index.php\/wp-json\/wp\/v2\/media\/9611"}],"wp:attachment":[{"href":"https:\/\/shanakeers.fr\/index.php\/wp-json\/wp\/v2\/media?parent=9610"}],"wp:term":[{"taxonomy":"product_brand","embeddable":true,"href":"https:\/\/shanakeers.fr\/index.php\/wp-json\/wp\/v2\/product_brand?post=9610"},{"taxonomy":"product_cat","embeddable":true,"href":"https:\/\/shanakeers.fr\/index.php\/wp-json\/wp\/v2\/product_cat?post=9610"},{"taxonomy":"product_tag","embeddable":true,"href":"https:\/\/shanakeers.fr\/index.php\/wp-json\/wp\/v2\/product_tag?post=9610"}],"curies":[{"name":"wp","href":"https:\/\/api.w.org\/{rel}","templated":true}]}}