{"id":8320,"date":"2025-02-03T15:48:57","date_gmt":"2025-02-03T14:48:57","guid":{"rendered":"https:\/\/shanakeers.fr\/index.php\/produit\/mon-adn-tome-1-mon-passe\/"},"modified":"2025-07-03T18:27:27","modified_gmt":"2025-07-03T16:27:27","slug":"mon-adn-tome-1-mon-passe","status":"publish","type":"product","link":"https:\/\/shanakeers.fr\/index.php\/produit\/mon-adn-tome-1-mon-passe\/","title":{"rendered":"Mon ADN &#8211; tome 1 &#8211; mon pass\u00e9 (version broch\u00e9e)"},"content":{"rendered":"<h4><strong>ENEMIES TO LOVERS\/DIFF\u00c9RENCE D&rsquo;\u00c2GE<\/strong><\/h4>\r\n<p>Alric est le meilleur ami du p\u00e8re de Lynaelle. Il est orageux ; elle le d\u00e9teste et elle est la temp\u00eate qui va tout d\u00e9vaster. Une romance intense sur fond d&rsquo;amour interdit et de diff\u00e9rence d&rsquo;\u00e2ge. Un h\u00e9ros tortur\u00e9 au pass\u00e9 trouble. Une h\u00e9ro\u00efne d\u00e9termin\u00e9e et joueuse.<\/p>\r\n<div style=\"width: 830px;\" class=\"wp-video\"><video class=\"wp-video-shortcode\" id=\"video-8320-1\" width=\"830\" height=\"467\" preload=\"metadata\" controls=\"controls\"><source type=\"video\/mp4\" src=\"https:\/\/shanakeers.fr\/wp-content\/uploads\/2025\/01\/mon-adn-termine-1-1-1.mp4?_=1\" \/><a href=\"https:\/\/shanakeers.fr\/wp-content\/uploads\/2025\/01\/mon-adn-termine-1-1-1.mp4\">https:\/\/shanakeers.fr\/wp-content\/uploads\/2025\/01\/mon-adn-termine-1-1-1.mp4<\/a><\/video><\/div>\r\n<h4>\u00a0<\/h4>\r\n<h4><span class=\"a-text-bold\">TRIGGER WARNINGS <\/span>:<\/h4>\r\n<p><strong><a href=\"https:\/\/shanakeers.fr\/index.php\/duologie-mon-adn\/\" target=\"_blank\" rel=\"noopener\">La duologie Mon ADN<\/a> aborde des sujets sensibles, comme des traumatismes physiques dans l&rsquo;enfance, des abus et des addictions (notamment dans le deuxi\u00e8me tome). Cependant, ce n&rsquo;est pas une dark romance.<\/strong><\/p>\r\n<h3>\u00a0<\/h3>\r\n<h3><strong>R\u00e9sum\u00e9 de \u00ab\u00a0Mon ADN &#8211; mon pass\u00e9\u00a0\u00bb :<\/strong><\/h3>\r\n<p>\u00c0 vingt-quatre ans, <strong>Lynaelle<\/strong> habite toujours chez ses parents pour conserver son insouciance le plus longtemps possible. \u00c0 elle la libert\u00e9, les sorties entre amies et les sexfriends \u00e0 r\u00e9p\u00e9tition. Cependant, quand elle apprend qu&rsquo;<strong>Alric Gomez<\/strong>, l&rsquo;ami d&rsquo;enfance de son p\u00e8re, d\u00e9barque chez eux pour une dur\u00e9e ind\u00e9termin\u00e9e, rien ne va plus. Elle ne l&rsquo;a pas vu depuis quinze ans mais, \u00e0 l&rsquo;\u00e9poque, elle le d\u00e9testait parce qu&rsquo;il \u00e9tait ex\u00e9crable. Elle en est s\u00fbre, il va encore lui pourrir la vie. Pourtant, d\u00e8s les premiers regards \u00e9chang\u00e9s, l&rsquo;attirance est l\u00e0, inexplicable, d\u00e9raisonnable&#8230; \u00a0 <strong>\u00ab\u00a0Mon ADN &#8211; tome 1 &#8211; mon pass\u00e9\u00a0\u00bb<\/strong> est le premier tome d&rsquo;une duologie. Ce tome 1 est \u00e9galement disponible :<\/p>\r\n<ul>\r\n<li>en <a href=\"https:\/\/shanakeers.fr\/index.php\/produit\/mon-adn-tome-1-mon-passe-version-reliee-illustree\/\" target=\"_blank\" rel=\"noopener\">version reli\u00e9e illustr\u00e9e<\/a> sur ce site.<\/li>\r\n<li>en <a href=\"https:\/\/www.amazon.fr\/Mon-ADN-1-pass%C3%A9-ebook\/dp\/B09SVLRWJ5\" target=\"_blank\" rel=\"noopener\">num\u00e9rique sur Amazon<\/a> et gratuit avec l&rsquo;abonnement Kindle.<\/li>\r\n<\/ul>\r\n<p>&nbsp;<\/p>\r\n<h4>Ce qu&rsquo;en disent les lecteurs :<\/h4>\r\n<h3><span style=\"color: #fcb900;\">\u2605\u2605\u2605\u2605\u2605<\/span><\/h3>\r\n\r\n<p class=\"has-black-color has-text-color has-small-font-size\">Alric est sombre, myst\u00e9rieux, c&rsquo;est un taiseux envahi par les t\u00e9n\u00e8bres, dont il a du mal \u00e0 sortir, et une petite rousse \u00e0 d\u00e9cider sans trop forc\u00e9ment le vouloir de foutre le bazar dans sa t\u00eate. Entre eux, c&rsquo;est totalement \u00e9lectrique, intense, brutal, renversant, ils se d\u00e9testent autant qu&rsquo;ils s&rsquo;attirent, j&rsquo;en suis rest\u00e9e \u00ab\u00a0wouawww \u00ab\u00a0. Ce que j&rsquo;ai aim\u00e9, c&rsquo;est le fait de pouvoir suivre leurs cheminements internes, leurs questionnements, ces remises en question qui vous retournent la t\u00eate, puis ces remords. J&rsquo;ai aim\u00e9 le c\u00f4t\u00e9 brut de d\u00e9coffrage d&rsquo;Alric, qui se compl\u00e8te bien avec celui d\u00e9termin\u00e9 de Lynaelle, ils sont entiers et \u00e7a donne une vraie dimension \u00e0 cette romance.<\/p>\r\n\r\n\r\n\r\n<p class=\"has-small-font-size\"><strong>\u2014 Audrey L<\/strong><\/p>\r\n\r\n\r\n\r\n<p class=\"has-black-color has-text-color has-small-font-size\">Merci de m&rsquo;avoir r\u00e9concili\u00e9 avec ce genre d&rsquo;histoire d&rsquo;habitude je n&rsquo;aime pas trop quand il y a une diff\u00e9rence d&rsquo;\u00e2ge \u2013 entre eux c&rsquo;est juste une \u00e9vidence. H\u00e2te de savoir comment leur entourage va prendre la nouvelle m\u00eame si la fin de ce tome nous en donne un avant-go\u00fbt.<\/p>\r\n\r\n\r\n\r\n<p class=\"has-small-font-size\"><strong>\u2014 Client Amazon<\/strong><\/p>\r\n<p>Une h\u00e9ro\u00efne au caract\u00e8re bien tremp\u00e9 et un h\u00e9ros charismatique, magn\u00e9tique et myst\u00e9rieux. Un r\u00e9cit ponctu\u00e9 de suspense. Une tension qui monte crescendo. Des personnages secondaires humains et sensibles. Des joutes verbales au top. Une romance sulfureuse, intense et pleine de rebondissements. Une histoire \u00e9lectrique, intense, renversante. Une fin de premier tome incroyable, une chute explosive. \u00a0 \u00a0<\/p>","protected":false},"excerpt":{"rendered":"<p>Duologie Mon ADN &#8211; Tome 1\/2<\/p>\n<p>Prix TTC, hors frais de livraison calcul\u00e9s \u00e0 la validation de la commande.<\/p>\n<p>ISBN : 979-10-359-7239-4<\/p>\n<p>418 pages<\/p>\n<p><strong>Marque-page offert<\/strong><\/p>\n<p><span style=\"color: #ed127c;\"><strong>Pensez \u00e0 donner le pr\u00e9nom de la d\u00e9dicace et le nom de votre relais Mondial Relay : cochez la case \u00ab\u00a0ajouter une note \u00e0 votre commande\u00a0\u00bb dans votre panier &#8211; apr\u00e8s validation et avant paiement, et indiquez les informations dans le cadre pr\u00e9vu \u00e0 cet effet.<br \/>Si vous ne souhaitez pas de d\u00e9dicace, indiquez \u00ab\u00a0sans\u00a0\u00bb dans le m\u00eame emplacement.<br \/><\/strong><\/span><\/p>\n","protected":false},"featured_media":9577,"template":"","meta":{"jetpack_post_was_ever_published":false},"product_brand":[],"product_cat":[48,28],"product_tag":[43,42],"class_list":{"0":"post-8320","1":"product","2":"type-product","3":"status-publish","4":"has-post-thumbnail","6":"product_cat-enemies-to-lovers","7":"product_cat-formats-broches","8":"product_tag-age-gap","9":"product_tag-enemies-to-lovers","10":"latest_post","12":"first","13":"instock","14":"purchasable","15":"product-type-simple"},"aioseo_notices":[],"jetpack_likes_enabled":true,"jetpack_sharing_enabled":true,"_links":{"self":[{"href":"https:\/\/shanakeers.fr\/index.php\/wp-json\/wp\/v2\/product\/8320","targetHints":{"allow":["GET"]}}],"collection":[{"href":"https:\/\/shanakeers.fr\/index.php\/wp-json\/wp\/v2\/product"}],"about":[{"href":"https:\/\/shanakeers.fr\/index.php\/wp-json\/wp\/v2\/types\/product"}],"wp:featuredmedia":[{"embeddable":true,"href":"https:\/\/shanakeers.fr\/index.php\/wp-json\/wp\/v2\/media\/9577"}],"wp:attachment":[{"href":"https:\/\/shanakeers.fr\/index.php\/wp-json\/wp\/v2\/media?parent=8320"}],"wp:term":[{"taxonomy":"product_brand","embeddable":true,"href":"https:\/\/shanakeers.fr\/index.php\/wp-json\/wp\/v2\/product_brand?post=8320"},{"taxonomy":"product_cat","embeddable":true,"href":"https:\/\/shanakeers.fr\/index.php\/wp-json\/wp\/v2\/product_cat?post=8320"},{"taxonomy":"product_tag","embeddable":true,"href":"https:\/\/shanakeers.fr\/index.php\/wp-json\/wp\/v2\/product_tag?post=8320"}],"curies":[{"name":"wp","href":"https:\/\/api.w.org\/{rel}","templated":true}]}}