{"id":9163,"date":"2025-01-31T22:59:00","date_gmt":"2025-01-31T21:59:00","guid":{"rendered":"https:\/\/shanakeers.fr\/?page_id=9163"},"modified":"2025-03-07T16:50:39","modified_gmt":"2025-03-07T15:50:39","slug":"politique-remboursement","status":"publish","type":"page","link":"https:\/\/shanakeers.fr\/index.php\/politique-remboursement\/","title":{"rendered":"Politique de remboursement"},"content":{"rendered":"\n<p class=\"has-black-color has-text-color\">Conform\u00e9ment \u00e0 l\u2019article L.221-18 du Code de la Consommation, l\u2019Acheteur dispose d\u2019un d\u00e9lai de quatorze jours ouvrables \u00e0 compter de la livraison de sa commande pour exercer son droit de r\u00e9tractation et ainsi faire retour du produit au vendeur pour \u00e9change ou remboursement sans p\u00e9nalit\u00e9, \u00e0 l\u2019exception des frais de retour.<\/p>\n\n\n\n<p class=\"has-text-color\" style=\"color:#f40175\"><br><strong>Nathalie Machado Ei informe l\u2019Acheteur que, conform\u00e9ment \u00e0 l\u2019article L 221-28 du Code de la consommation, ce droit de r\u00e9tractation ne peut pas \u00eatre exerc\u00e9 pour les livres d\u00e9dicac\u00e9s qui sont des biens nettement personnalis\u00e9s.<\/strong><\/p>\n\n\n\n<p><br>Conform\u00e9ment aux dispositions l\u00e9gales, vous trouverez \u00e0 la fin des pr\u00e9sentes un formulaire type de r\u00e9tractation \u00e0 adresser \u00e0 Nathalie Machado EI \u00e0 l\u2019adresse suivante : <\/p>\n\n\n\n<p class=\"has-text-align-center\">Nathalie Machado EI<br>5, route de Saint-Yrieix<br>87500 Coussac Bonneval<br>France<\/p>\n\n\n\n<p> ou par mail \u00e0 infos.shanakeers@gmail.com.<br><\/p>\n\n\n\n<p>En cas d\u2019exercice du droit de r\u00e9tractation dans le d\u00e9lai susmentionn\u00e9, seul le prix du ou des produits achet\u00e9s et les frais d\u2019envoi seront rembours\u00e9s, <strong>les frais de retour restant \u00e0 la charge du Client.<\/strong><\/p>\n\n\n\n<p>Les retours des produits sont \u00e0 effectuer dans leur \u00e9tat d\u2019origine et complets, de sorte qu\u2019ils puissent \u00eatre recommercialis\u00e9s \u00e0 l\u2019\u00e9tat neuf. Ils doivent \u00eatre accompagn\u00e9s d\u2019une copie de la facture d\u2019achat. Le remboursement interviendra dans les quatorze jours suivant la date \u00e0 laquelle le Vendeur est inform\u00e9 de la d\u00e9cision de l\u2019Acheteur. En contrepartie, l\u2019Acheteur dispose du m\u00eame d\u00e9lai pour restituer le produit.<\/p>\n\n\n\n<p><\/p>\n\n\n\n<p><strong>Annexe \u2013&nbsp;Notification de r\u00e9tractation<\/strong><\/p>\n\n\n\n<p>\u00c0 Nathalie Machado EI, 5 route de Saint-Yrieix, 87500 Coussac-Bonneval, France<\/p>\n\n\n\n<p>Je\/nous (*) soussign\u00e9(s) notifie\/notifions ma\/notre (*) r\u00e9tractation du contrat :<\/p>\n\n\n\n<p>Contrat conclu le (**) :<\/p>\n\n\n\n<p>Nom du\/des consommateur(s) : (***)<\/p>\n\n\n\n<p>Adresse(s) du\/des consommateur(s) (***) :<\/p>\n\n\n\n<p>Signature du\/des consommateur(s) (seulement si le pr\u00e9sent formulaire est notifi\u00e9 par \u00e9crit) (***) :<\/p>\n\n\n\n<p>Date (**) :<\/p>\n\n\n\n<p>Accus\u00e9 de r\u00e9ception des informations : Signature du Client :<\/p>\n\n\n\n<p>(<em>) Rayer la mention inutile.<br>() Date<br>(<\/em>) Champ \u00e0 remplir par le(s) consommateur(s) lorsque le pr\u00e9sent formulaire est utilis\u00e9 aux fins de r\u00e9tractation du contrat.<\/p>\n","protected":false},"excerpt":{"rendered":"<p>Conform\u00e9ment \u00e0 l\u2019article L.221-18 du Code de la Consommation, l\u2019Acheteur dispose d\u2019un d\u00e9lai de quatorze jours ouvrables \u00e0 compter de la livraison de sa commande pour exercer son droit de r\u00e9tractation et ainsi faire retour du produit au vendeur pour \u00e9change ou remboursement sans p\u00e9nalit\u00e9, \u00e0 l\u2019exception des frais de retour. Nathalie Machado Ei informe &hellip; <\/p>\n","protected":false},"author":1,"featured_media":0,"parent":0,"menu_order":0,"comment_status":"closed","ping_status":"closed","template":"","meta":{"jetpack_post_was_ever_published":false,"footnotes":""},"class_list":["post-9163","page","type-page","status-publish","hentry","latest_post"],"aioseo_notices":[],"jetpack_likes_enabled":true,"jetpack_sharing_enabled":true,"_links":{"self":[{"href":"https:\/\/shanakeers.fr\/index.php\/wp-json\/wp\/v2\/pages\/9163","targetHints":{"allow":["GET"]}}],"collection":[{"href":"https:\/\/shanakeers.fr\/index.php\/wp-json\/wp\/v2\/pages"}],"about":[{"href":"https:\/\/shanakeers.fr\/index.php\/wp-json\/wp\/v2\/types\/page"}],"author":[{"embeddable":true,"href":"https:\/\/shanakeers.fr\/index.php\/wp-json\/wp\/v2\/users\/1"}],"replies":[{"embeddable":true,"href":"https:\/\/shanakeers.fr\/index.php\/wp-json\/wp\/v2\/comments?post=9163"}],"version-history":[{"count":4,"href":"https:\/\/shanakeers.fr\/index.php\/wp-json\/wp\/v2\/pages\/9163\/revisions"}],"predecessor-version":[{"id":10258,"href":"https:\/\/shanakeers.fr\/index.php\/wp-json\/wp\/v2\/pages\/9163\/revisions\/10258"}],"wp:attachment":[{"href":"https:\/\/shanakeers.fr\/index.php\/wp-json\/wp\/v2\/media?parent=9163"}],"curies":[{"name":"wp","href":"https:\/\/api.w.org\/{rel}","templated":true}]}}