{"id":1126,"date":"2022-08-20T17:03:29","date_gmt":"2022-08-20T16:03:29","guid":{"rendered":"https:\/\/atomic-temporary-139465564.wpcomstaging.com\/?page_id=1126"},"modified":"2025-03-05T23:54:00","modified_gmt":"2025-03-05T22:54:00","slug":"credits-photos","status":"publish","type":"page","link":"https:\/\/shanakeers.fr\/index.php\/credits-photos\/","title":{"rendered":"Cr\u00e9dits photos"},"content":{"rendered":"<h5 style=\"text-align: center;\"><strong>Cr\u00e9dits photos du site Shana Keers<\/strong><\/h5>\n<p>En-t\u00eate site et pages :<\/p>\n<p>Couverture roman Immoralit\u00e9 : Depositphotos &#8211; @piotr_marcinski (63952537)<\/p>\n<p>Couverture roman Live to love saison 1 (tome 1 et 2)&nbsp; : Depositphotos &#8211; @kiuikson<\/p>\n<p>Couverture roman Live to love saison 2 (tome 1 et 2) : Depositphotos &#8211;&nbsp; @kiuikson<\/p>\n<p>Couverture roman Night Experiences et Hot Experiences : Depositphotos | photographee.eu (169512984)<\/p>\n<p>Couverture roman MA.D. Crush : Depositphotos | lati (83754214) \/ Pakhnyushchyy (80467458) \/ AntonMatyukha (19323358)<\/p>\n<p>Couverture roman Mon ADN (tome 1 et 2) : Depositphotos &#8211; @Victor_Tongdee | 309395434 \/ @ ffsettler | 213640812<\/p>\n<p>Couverture Avancer dans l&rsquo;auto\u00e9dition avec s\u00e9r\u00e9nit\u00e9 : iStock | yuoak (628263260)<\/p>\n<p>Booktrailer Immoralit\u00e9 : Depositphotos &#8211; @absolutimages, @cokacoka, @georgejmclittle, @Wisky, @ridofranz, @ArturVerkhovetskiy, @ Nanisimova_sell, @SSilver, @kotin<\/p>\n<p>Booktrailer Live to love saison 1 : Depositphotos &#8211; @evgenyataman, @kiukson, @ArturVerkhovetskiy.<\/p>\n<p>Booktrailer Live to love saison 2 : Depositphotos &#8211; @deposit123, @kiukson<\/p>\n<p>Envatoelements &#8211; ImageSupply (visuel cat\u00e9gorie romances \u00e0 suspense)<\/p>\n<p>Envatoelements &#8211; simbiothy (visuel cat\u00e9gorie romances \u00e9cart d&rsquo;\u00e2ge)<\/p>\n<p>Envatoelements &#8211; ivankmit (visuel cat\u00e9gorie romances demi-fr\u00e8re\/demi-s\u0153ur)<\/p>\n<p>Envatoelements &#8211; master1305 (visuel cat\u00e9gorie romances \u00e9rotiques)<\/p>\n<p>Envatoelements &#8211; nd3000 (visuel cat\u00e9gorie romances prof\/\u00e9tudiante)<\/p>\n<p>Envatoelements &#8211; eAlisa (visuel page d&rsquo;accueil)<\/p>\n<p>Envatoelements &#8211; sea_wave<\/p>\n<p>Envatoelement &#8211; mimagephotgraphy (visuel extrait immoralit\u00e9)<\/p>\n<p>Envatoelement &#8211; kiraliffe (visuel extrait M.A.D. Crush)<\/p>\n<p>Envatoelement &#8211; nd3000 (visuel extrait Live to love saison 1 tome 1)<\/p>\n<p>Envatoelement &#8211; korabkova (visuel extrait Live to love saison 1 tome 2)<\/p>\n<p>Envatoelement &#8211; heckmannoleg (visuel extrait Live to love saison 2 tome 1)<\/p>\n<p>Envatoelement &#8211; dotshock (visuel extrait Live to love saison 2 tome 2)<\/p>\n<p>Envatoelement &#8211; Sonyachny (visuel extrait Night Experiences)<\/p>\n<p>Envatoelement &#8211; nd3000 (visuel extrait Hot Experiences)<\/p>\n<p>Envatoelement &#8211; engy91 (visuel Mon ADN &#8211; Tome 1)<\/p>\n","protected":false},"excerpt":{"rendered":"<p>Cr\u00e9dits photos du site Shana Keers En-t\u00eate site et pages : Couverture roman Immoralit\u00e9 : Depositphotos &#8211; @piotr_marcinski (63952537) Couverture roman Live to love saison 1 (tome 1 et 2)&nbsp; : Depositphotos &#8211; @kiuikson Couverture roman Live to love saison 2 (tome 1 et 2) : Depositphotos &#8211;&nbsp; @kiuikson Couverture roman Night Experiences et Hot &hellip; <\/p>\n","protected":false},"author":1,"featured_media":0,"parent":0,"menu_order":0,"comment_status":"closed","ping_status":"closed","template":"","meta":{"jetpack_post_was_ever_published":false,"footnotes":""},"class_list":["post-1126","page","type-page","status-publish","hentry","latest_post"],"aioseo_notices":[],"jetpack_likes_enabled":true,"jetpack_sharing_enabled":true,"_links":{"self":[{"href":"https:\/\/shanakeers.fr\/index.php\/wp-json\/wp\/v2\/pages\/1126","targetHints":{"allow":["GET"]}}],"collection":[{"href":"https:\/\/shanakeers.fr\/index.php\/wp-json\/wp\/v2\/pages"}],"about":[{"href":"https:\/\/shanakeers.fr\/index.php\/wp-json\/wp\/v2\/types\/page"}],"author":[{"embeddable":true,"href":"https:\/\/shanakeers.fr\/index.php\/wp-json\/wp\/v2\/users\/1"}],"replies":[{"embeddable":true,"href":"https:\/\/shanakeers.fr\/index.php\/wp-json\/wp\/v2\/comments?post=1126"}],"version-history":[{"count":1,"href":"https:\/\/shanakeers.fr\/index.php\/wp-json\/wp\/v2\/pages\/1126\/revisions"}],"predecessor-version":[{"id":10178,"href":"https:\/\/shanakeers.fr\/index.php\/wp-json\/wp\/v2\/pages\/1126\/revisions\/10178"}],"wp:attachment":[{"href":"https:\/\/shanakeers.fr\/index.php\/wp-json\/wp\/v2\/media?parent=1126"}],"curies":[{"name":"wp","href":"https:\/\/api.w.org\/{rel}","templated":true}]}}